{"id":2112,"date":"2023-04-24T16:47:53","date_gmt":"2023-04-24T16:47:53","guid":{"rendered":"https:\/\/nextcaribbeanbusinessladies.com\/?page_id=2112"},"modified":"2025-03-19T01:45:05","modified_gmt":"2025-03-19T01:45:05","slug":"event-calendar","status":"publish","type":"page","link":"https:\/\/nextcaribbeanbusinessladies.com\/index.php\/event-calendar\/","title":{"rendered":"Event Calendar"},"content":{"rendered":"\t\t<div data-elementor-type=\"wp-page\" data-elementor-id=\"2112\" class=\"elementor elementor-2112\">\n\t\t\t\t\t\t<section class=\"elementor-section elementor-top-section elementor-element elementor-element-6fd57db elementor-section-boxed elementor-section-height-default elementor-section-height-default\" data-id=\"6fd57db\" data-element_type=\"section\">\n\t\t\t\t\t\t<div class=\"elementor-container elementor-column-gap-default\">\n\t\t\t\t\t<div class=\"elementor-column elementor-col-100 elementor-top-column elementor-element elementor-element-4408f27\" data-id=\"4408f27\" data-element_type=\"column\">\n\t\t\t<div class=\"elementor-widget-wrap elementor-element-populated\">\n\t\t\t\t\t\t<div class=\"elementor-element elementor-element-2cd16f0 elementor-widget elementor-widget-eael-breadcrumbs\" data-id=\"2cd16f0\" data-element_type=\"widget\" data-widget_type=\"eael-breadcrumbs.default\">\n\t\t\t\t<div class=\"elementor-widget-container\">\n\t\t\t\t\t\t\t<div class=\"eael-breadcrumbs\">\n\t\t\t<div class=\"eael-breadcrumbs__content\"><a href=\"https:\/\/nextcaribbeanbusinessladies.com\">Accueil<\/a> <span class=\"eael-breadcrumb-separator\">\/<\/span> <span class = \"eael-current\">Page<\/span><\/div>\t\t<\/div>\n\t\t\t\t\t\t<\/div>\n\t\t\t\t<\/div>\n\t\t\t\t\t<\/div>\n\t\t<\/div>\n\t\t\t\t\t<\/div>\n\t\t<\/section>\n\t\t\t\t<section class=\"elementor-section elementor-top-section elementor-element elementor-element-ede6605 elementor-section-boxed elementor-section-height-default elementor-section-height-default\" data-id=\"ede6605\" data-element_type=\"section\" data-settings=\"{&quot;background_background&quot;:&quot;classic&quot;}\">\n\t\t\t\t\t\t<div class=\"elementor-container elementor-column-gap-default\">\n\t\t\t\t\t<div class=\"elementor-column elementor-col-66 elementor-top-column elementor-element elementor-element-296caf3\" data-id=\"296caf3\" data-element_type=\"column\">\n\t\t\t<div class=\"elementor-widget-wrap elementor-element-populated\">\n\t\t\t\t\t\t<div class=\"elementor-element elementor-element-5a4bd8a elementor-widget elementor-widget-heading\" data-id=\"5a4bd8a\" data-element_type=\"widget\" data-widget_type=\"heading.default\">\n\t\t\t\t<div class=\"elementor-widget-container\">\n\t\t\t\t\t<h2 class=\"elementor-heading-title elementor-size-default\"><a href=\"https:\/\/nextcaribbeanbusinessladies.com\/index.php\/anciens-evenements-2022\/\">Anciens \u00e9v\u00e9nements <\/a><\/h2>\t\t\t\t<\/div>\n\t\t\t\t<\/div>\n\t\t\t\t<div class=\"elementor-element elementor-element-6016723 elementor-widget elementor-widget-image\" data-id=\"6016723\" data-element_type=\"widget\" data-widget_type=\"image.default\">\n\t\t\t\t<div class=\"elementor-widget-container\">\n\t\t\t\t\t\t\t\t\t\t\t\t\t\t\t<img fetchpriority=\"high\" decoding=\"async\" width=\"1024\" height=\"683\" src=\"https:\/\/nextcaribbeanbusinessladies.com\/wp-content\/uploads\/2023\/03\/IMG_7701-1024x683.jpg\" class=\"attachment-large size-large wp-image-1554\" alt=\"\" srcset=\"https:\/\/nextcaribbeanbusinessladies.com\/wp-content\/uploads\/2023\/03\/IMG_7701-1024x683.jpg 1024w, https:\/\/nextcaribbeanbusinessladies.com\/wp-content\/uploads\/2023\/03\/IMG_7701-300x200.jpg 300w, https:\/\/nextcaribbeanbusinessladies.com\/wp-content\/uploads\/2023\/03\/IMG_7701-768x512.jpg 768w, https:\/\/nextcaribbeanbusinessladies.com\/wp-content\/uploads\/2023\/03\/IMG_7701-1536x1024.jpg 1536w, https:\/\/nextcaribbeanbusinessladies.com\/wp-content\/uploads\/2023\/03\/IMG_7701.jpg 1776w\" sizes=\"(max-width: 1024px) 100vw, 1024px\" \/>\t\t\t\t\t\t\t\t\t\t\t\t\t\t\t<\/div>\n\t\t\t\t<\/div>\n\t\t\t\t\t<\/div>\n\t\t<\/div>\n\t\t\t\t<div class=\"elementor-column elementor-col-33 elementor-top-column elementor-element elementor-element-0bdab46\" data-id=\"0bdab46\" data-element_type=\"column\">\n\t\t\t<div class=\"elementor-widget-wrap elementor-element-populated\">\n\t\t\t\t\t\t<div class=\"elementor-element elementor-element-44f8405 elementor-widget elementor-widget-image\" data-id=\"44f8405\" data-element_type=\"widget\" data-widget_type=\"image.default\">\n\t\t\t\t<div class=\"elementor-widget-container\">\n\t\t\t\t\t\t\t\t\t\t\t\t\t\t\t<img decoding=\"async\" width=\"1024\" height=\"1024\" src=\"https:\/\/nextcaribbeanbusinessladies.com\/wp-content\/uploads\/2023\/04\/8-1024x1024.png\" class=\"attachment-large size-large wp-image-1920\" alt=\"\" srcset=\"https:\/\/nextcaribbeanbusinessladies.com\/wp-content\/uploads\/2023\/04\/8-1024x1024.png 1024w, https:\/\/nextcaribbeanbusinessladies.com\/wp-content\/uploads\/2023\/04\/8-300x300.png 300w, https:\/\/nextcaribbeanbusinessladies.com\/wp-content\/uploads\/2023\/04\/8-150x150.png 150w, https:\/\/nextcaribbeanbusinessladies.com\/wp-content\/uploads\/2023\/04\/8-768x768.png 768w, https:\/\/nextcaribbeanbusinessladies.com\/wp-content\/uploads\/2023\/04\/8.png 1080w\" sizes=\"(max-width: 1024px) 100vw, 1024px\" \/>\t\t\t\t\t\t\t\t\t\t\t\t\t\t\t<\/div>\n\t\t\t\t<\/div>\n\t\t\t\t<div class=\"elementor-element elementor-element-24b144d elementor-widget elementor-widget-heading\" data-id=\"24b144d\" data-element_type=\"widget\" data-widget_type=\"heading.default\">\n\t\t\t\t<div class=\"elementor-widget-container\">\n\t\t\t\t\t<h2 class=\"elementor-heading-title elementor-size-default\"><a href=\"https:\/\/nextcaribbeanbusinessladies.com\/index.php\/les-evenements-a-venir\/\"> \u00e9v\u00e9nements \u00e0 venir<\/a><\/h2>\t\t\t\t<\/div>\n\t\t\t\t<\/div>\n\t\t\t\t\t<\/div>\n\t\t<\/div>\n\t\t\t\t\t<\/div>\n\t\t<\/section>\n\t\t\t\t<\/div>\n\t\t","protected":false},"excerpt":{"rendered":"<p>Accueil \/ Page Anciens \u00e9v\u00e9nements \u00e9v\u00e9nements \u00e0 venir<\/p>\n","protected":false},"author":1,"featured_media":0,"parent":0,"menu_order":0,"comment_status":"closed","ping_status":"closed","template":"","meta":{"site-sidebar-layout":"no-sidebar","site-content-layout":"page-builder","ast-site-content-layout":"","site-content-style":"default","site-sidebar-style":"default","ast-global-header-display":"","ast-banner-title-visibility":"","ast-main-header-display":"","ast-hfb-above-header-display":"","ast-hfb-below-header-display":"","ast-hfb-mobile-header-display":"","site-post-title":"disabled","ast-breadcrumbs-content":"","ast-featured-img":"disabled","footer-sml-layout":"","theme-transparent-header-meta":"","adv-header-id-meta":"","stick-header-meta":"","header-above-stick-meta":"","header-main-stick-meta":"","header-below-stick-meta":"","astra-migrate-meta-layouts":"default","ast-page-background-enabled":"default","ast-page-background-meta":{"desktop":{"background-color":"","background-image":"","background-repeat":"repeat","background-position":"center center","background-size":"auto","background-attachment":"scroll","background-type":"","background-media":"","overlay-type":"","overlay-color":"","overlay-opacity":"","overlay-gradient":""},"tablet":{"background-color":"","background-image":"","background-repeat":"repeat","background-position":"center center","background-size":"auto","background-attachment":"scroll","background-type":"","background-media":"","overlay-type":"","overlay-color":"","overlay-opacity":"","overlay-gradient":""},"mobile":{"background-color":"","background-image":"","background-repeat":"repeat","background-position":"center center","background-size":"auto","background-attachment":"scroll","background-type":"","background-media":"","overlay-type":"","overlay-color":"","overlay-opacity":"","overlay-gradient":""}},"ast-content-background-meta":{"desktop":{"background-color":"var(--ast-global-color-5)","background-image":"","background-repeat":"repeat","background-position":"center center","background-size":"auto","background-attachment":"scroll","background-type":"","background-media":"","overlay-type":"","overlay-color":"","overlay-opacity":"","overlay-gradient":""},"tablet":{"background-color":"var(--ast-global-color-5)","background-image":"","background-repeat":"repeat","background-position":"center center","background-size":"auto","background-attachment":"scroll","background-type":"","background-media":"","overlay-type":"","overlay-color":"","overlay-opacity":"","overlay-gradient":""},"mobile":{"background-color":"var(--ast-global-color-5)","background-image":"","background-repeat":"repeat","background-position":"center center","background-size":"auto","background-attachment":"scroll","background-type":"","background-media":"","overlay-type":"","overlay-color":"","overlay-opacity":"","overlay-gradient":""}},"footnotes":""},"class_list":["post-2112","page","type-page","status-publish","hentry"],"_links":{"self":[{"href":"https:\/\/nextcaribbeanbusinessladies.com\/index.php\/wp-json\/wp\/v2\/pages\/2112","targetHints":{"allow":["GET"]}}],"collection":[{"href":"https:\/\/nextcaribbeanbusinessladies.com\/index.php\/wp-json\/wp\/v2\/pages"}],"about":[{"href":"https:\/\/nextcaribbeanbusinessladies.com\/index.php\/wp-json\/wp\/v2\/types\/page"}],"author":[{"embeddable":true,"href":"https:\/\/nextcaribbeanbusinessladies.com\/index.php\/wp-json\/wp\/v2\/users\/1"}],"replies":[{"embeddable":true,"href":"https:\/\/nextcaribbeanbusinessladies.com\/index.php\/wp-json\/wp\/v2\/comments?post=2112"}],"version-history":[{"count":10,"href":"https:\/\/nextcaribbeanbusinessladies.com\/index.php\/wp-json\/wp\/v2\/pages\/2112\/revisions"}],"predecessor-version":[{"id":2490,"href":"https:\/\/nextcaribbeanbusinessladies.com\/index.php\/wp-json\/wp\/v2\/pages\/2112\/revisions\/2490"}],"wp:attachment":[{"href":"https:\/\/nextcaribbeanbusinessladies.com\/index.php\/wp-json\/wp\/v2\/media?parent=2112"}],"curies":[{"name":"wp","href":"https:\/\/api.w.org\/{rel}","templated":true}]}}